{"id":122,"date":"2024-12-04T13:17:58","date_gmt":"2024-12-04T13:17:58","guid":{"rendered":"http:\/\/zmk-kessler.de\/?page_id=122"},"modified":"2024-12-05T11:25:35","modified_gmt":"2024-12-05T11:25:35","slug":"prophylaxe","status":"publish","type":"page","link":"https:\/\/zmk-kessler.de\/?page_id=122","title":{"rendered":"Prophylaxe"},"content":{"rendered":"\n\n\t\t\t\t<img loading=\"lazy\" decoding=\"async\" src=\"https:\/\/zmk-kessler.de\/wp-content\/uploads\/2024\/12\/Kessler_0649-1024x1536.jpg\" alt=\"Kessler_0649\" itemprop=\"image\" height=\"1536\" width=\"1024\" title=\"Kessler_0649\" onerror=\"this.style.display='none'\"  \/>\n<h4>\n\t\tProphylaxe\n\t<\/h4>\n\t<p>Im Rahmen einer professionellen Zahnreinigung (PZR) werden die Z\u00e4hne intensiv gereinigt. Hartn\u00e4ckige Bel\u00e4ge bzw. Zahnstein werden entfernt, dann erfolgt die Reinigung mit einem Pulver\/Wasserstrahl-Gemisch (Airflow).<\/p>\n<p>Im Anschluss werden die Z\u00e4hne gegl\u00e4ttet, um einer erneuten Verschmutzung vorzubeugen. Auf die so ges\u00e4uberten Zahnoberfl\u00e4chen wird abschlie\u00dfend ein fluoridhaltiger Lack aufgetragen, damit die Z\u00e4hne \u201eremineralisieren&#8220; k\u00f6nnen. Wichtige Mineralien werden in den Schmelz eingelagert, um Karies und Entz\u00fcndungen vorzubeugen.<\/p>\n\t<p>ERWACHSENE:<\/p>\nIndividualprophylaxe<br \/>\nIndividuelle Beratung zur richtigen Zahnpflege<br \/>\nUrsachenaufkl\u00e4rung<br \/>\nSystematische Parodontitis-Behandlung<br \/>\nprofessionelle Zahnreinigung<br \/>\nBleaching\n<p>KINDER:<\/p>\nZahnputzschule f\u00fcr Kids &amp; Co<br \/>\nIndividualprophylaxe<br \/>\nFluoridierung der Z\u00e4hne<br \/>\nFissurenversiegelung\n\t\t\t\t<img loading=\"lazy\" decoding=\"async\" src=\"https:\/\/zmk-kessler.de\/wp-content\/uploads\/2024\/12\/image-asset-1536x1152.jpeg\" alt=\"image-asset\" itemprop=\"image\" height=\"900\" width=\"1200\" title=\"image-asset\" onerror=\"this.style.display='none'\"  \/>\n\n","protected":false},"excerpt":{"rendered":"<p>Prophylaxe Im Rahmen einer professionellen Zahnreinigung (PZR) werden die Z\u00e4hne intensiv gereinigt. Hartn\u00e4ckige Bel\u00e4ge bzw. Zahnstein werden entfernt, dann erfolgt die Reinigung mit einem Pulver\/Wasserstrahl-Gemisch (Airflow). Im Anschluss werden die Z\u00e4hne gegl\u00e4ttet, um einer erneuten Verschmutzung vorzubeugen. Auf die so ges\u00e4uberten Zahnoberfl\u00e4chen wird abschlie\u00dfend ein fluoridhaltiger Lack aufgetragen, damit die Z\u00e4hne \u201eremineralisieren&#8220; k\u00f6nnen. Wichtige Mineralien &#8230; <a title=\"Prophylaxe\" class=\"read-more\" href=\"https:\/\/zmk-kessler.de\/?page_id=122\" aria-label=\"Mehr Informationen \u00fcber Prophylaxe\">Weiterlesen<\/a><\/p>\n","protected":false},"author":1,"featured_media":0,"parent":0,"menu_order":0,"comment_status":"closed","ping_status":"closed","template":"","meta":{"footnotes":""},"class_list":["post-122","page","type-page","status-publish"],"_links":{"self":[{"href":"https:\/\/zmk-kessler.de\/index.php?rest_route=\/wp\/v2\/pages\/122","targetHints":{"allow":["GET"]}}],"collection":[{"href":"https:\/\/zmk-kessler.de\/index.php?rest_route=\/wp\/v2\/pages"}],"about":[{"href":"https:\/\/zmk-kessler.de\/index.php?rest_route=\/wp\/v2\/types\/page"}],"author":[{"embeddable":true,"href":"https:\/\/zmk-kessler.de\/index.php?rest_route=\/wp\/v2\/users\/1"}],"replies":[{"embeddable":true,"href":"https:\/\/zmk-kessler.de\/index.php?rest_route=%2Fwp%2Fv2%2Fcomments&post=122"}],"version-history":[{"count":7,"href":"https:\/\/zmk-kessler.de\/index.php?rest_route=\/wp\/v2\/pages\/122\/revisions"}],"predecessor-version":[{"id":201,"href":"https:\/\/zmk-kessler.de\/index.php?rest_route=\/wp\/v2\/pages\/122\/revisions\/201"}],"wp:attachment":[{"href":"https:\/\/zmk-kessler.de\/index.php?rest_route=%2Fwp%2Fv2%2Fmedia&parent=122"}],"curies":[{"name":"wp","href":"https:\/\/api.w.org\/{rel}","templated":true}]}}