{"id":124,"date":"2024-12-04T13:18:23","date_gmt":"2024-12-04T13:18:23","guid":{"rendered":"http:\/\/zmk-kessler.de\/?page_id=124"},"modified":"2024-12-05T11:27:43","modified_gmt":"2024-12-05T11:27:43","slug":"zahnersatz","status":"publish","type":"page","link":"https:\/\/zmk-kessler.de\/?page_id=124","title":{"rendered":"Zahnersatz"},"content":{"rendered":"\n\n\t\t\t\t<img loading=\"lazy\" decoding=\"async\" src=\"https:\/\/zmk-kessler.de\/wp-content\/uploads\/2024\/12\/IMG_9246-1024x1024.jpg\" alt=\"IMG_9246\" itemprop=\"image\" height=\"1024\" width=\"1024\" title=\"IMG_9246\" onerror=\"this.style.display='none'\"  \/>\n<h4>\n\t\tZahnersatz\n\t<\/h4>\n\t<p>Es gibt viele Ursachen, die zur Sch\u00e4digung oder gar dem Verlust des nat\u00fcrlichen Zahnes f\u00fchren k\u00f6nnen. Die heutige Zahnmedizin bietet vielf\u00e4ltige M\u00f6glichkeiten, Z\u00e4hne zu erhalten, oder gar zu ersetzen.<\/p>\n<p>Unsere Arbeit basiert dabei auf aktuelle Erkenntnisse und Methoden, sowie Technik und Materialien auf dem letzten Stand der Wissenschaft. Ebenso wie auf Ihren W\u00fcnschen und individuellen Bed\u00fcrfnissen.<\/p>\n<ul>\n<li>Vollkeramische Kronen und Br\u00fccken<\/li>\n<li>Implantate<\/li>\n<li>Amalgamsanierung<\/li>\n<li>Parodontologie<\/li>\n<li>Implantoglogie<\/li>\n<\/ul>\n\n","protected":false},"excerpt":{"rendered":"<p>Zahnersatz Es gibt viele Ursachen, die zur Sch\u00e4digung oder gar dem Verlust des nat\u00fcrlichen Zahnes f\u00fchren k\u00f6nnen. Die heutige Zahnmedizin bietet vielf\u00e4ltige M\u00f6glichkeiten, Z\u00e4hne zu erhalten, oder gar zu ersetzen. Unsere Arbeit basiert dabei auf aktuelle Erkenntnisse und Methoden, sowie Technik und Materialien auf dem letzten Stand der Wissenschaft. Ebenso wie auf Ihren W\u00fcnschen und &#8230; <a title=\"Zahnersatz\" class=\"read-more\" href=\"https:\/\/zmk-kessler.de\/?page_id=124\" aria-label=\"Mehr Informationen \u00fcber Zahnersatz\">Weiterlesen<\/a><\/p>\n","protected":false},"author":1,"featured_media":0,"parent":0,"menu_order":0,"comment_status":"closed","ping_status":"closed","template":"","meta":{"footnotes":""},"class_list":["post-124","page","type-page","status-publish"],"_links":{"self":[{"href":"https:\/\/zmk-kessler.de\/index.php?rest_route=\/wp\/v2\/pages\/124","targetHints":{"allow":["GET"]}}],"collection":[{"href":"https:\/\/zmk-kessler.de\/index.php?rest_route=\/wp\/v2\/pages"}],"about":[{"href":"https:\/\/zmk-kessler.de\/index.php?rest_route=\/wp\/v2\/types\/page"}],"author":[{"embeddable":true,"href":"https:\/\/zmk-kessler.de\/index.php?rest_route=\/wp\/v2\/users\/1"}],"replies":[{"embeddable":true,"href":"https:\/\/zmk-kessler.de\/index.php?rest_route=%2Fwp%2Fv2%2Fcomments&post=124"}],"version-history":[{"count":5,"href":"https:\/\/zmk-kessler.de\/index.php?rest_route=\/wp\/v2\/pages\/124\/revisions"}],"predecessor-version":[{"id":204,"href":"https:\/\/zmk-kessler.de\/index.php?rest_route=\/wp\/v2\/pages\/124\/revisions\/204"}],"wp:attachment":[{"href":"https:\/\/zmk-kessler.de\/index.php?rest_route=%2Fwp%2Fv2%2Fmedia&parent=124"}],"curies":[{"name":"wp","href":"https:\/\/api.w.org\/{rel}","templated":true}]}}