{"id":24,"date":"2024-10-29T10:49:54","date_gmt":"2024-10-29T10:49:54","guid":{"rendered":"http:\/\/zmk-kessler.de\/?page_id=24"},"modified":"2024-12-05T11:26:21","modified_gmt":"2024-12-05T11:26:21","slug":"leistungen","status":"publish","type":"page","link":"https:\/\/zmk-kessler.de\/?page_id=24","title":{"rendered":"Leistungen"},"content":{"rendered":"\n<h4>\n\t\tExpertise\n\t<\/h4>\n\t<p>Die erfolgreich angewandte Methode der &#8222;Gentle Dentistry&#8220; (sanfte Zahnbehandlung) wird von unserem Team konsequent umgesetzt. Moderne Techniken erlauben eine komplikationslose Behandlung und eine brillante Prothetik.<\/p>\n<ul>\n<li>SWIFT-Sandstrahltechnik<\/li>\n<li>Zahnreinigung mit Airflow<\/li>\n<li>Lasertechnik<\/li>\n<li>Amalgam-Alternativen<\/li>\n<li>Gold-Inlays<\/li>\n<li>Eigenes Zahntechniklabor<\/li>\n<li>Zahnmedizin<\/li>\n<\/ul>\n\t<hr \/>\n<h4>\n\t\tZahnmedizin\n\t<\/h4>\n\t\t\t\t<img loading=\"lazy\" decoding=\"async\" src=\"https:\/\/zmk-kessler.de\/wp-content\/uploads\/2024\/12\/IMG_9242-1024x683.jpg\" alt=\"IMG_9242\" itemprop=\"image\" height=\"683\" width=\"1024\" title=\"IMG_9242\" onerror=\"this.style.display='none'\"  \/>\n\t<p>PROPHLAXE<\/p>\n<p>Damit Sie auch morgen noch&#8230;<\/p>\n<p>Erinnern Sie sich? Die Grundlage f\u00fcr gesunde Z\u00e4hne und einen kraftvollen Biss ist richtige Vorsorge und Pflege. Putzen Sie richtig? Welche Zahnb\u00fcrste ist passend? Wie lange dauert Z\u00e4hneputzen? F\u00fcr den professionellen Umgang mit Zahnb\u00fcrste und Mundhygiene sollten Sie sich durch einen Fachmann beraten lassen. Nur so beugen Sie zuverl\u00e4ssig der n\u00e4chsten Zahnarztbehandlung vor.<\/p>\n\t\t\t\t<img loading=\"lazy\" decoding=\"async\" src=\"https:\/\/zmk-kessler.de\/wp-content\/uploads\/2024\/12\/IMG_9243-1024x683.jpg\" alt=\"IMG_9243\" itemprop=\"image\" height=\"683\" width=\"1024\" title=\"IMG_9243\" onerror=\"this.style.display='none'\"  \/>\n\t<p>ZAHNERSATZ<\/p>\n<p>Es gibt viele Ursachen, die zur Sch\u00e4digung oder gar dem Verlust des nat\u00fcrlichen Zahnes f\u00fchren k\u00f6nnen. Die heutige Zahnmedizin bietet vielf\u00e4ltige M\u00f6glichkeiten, Z\u00e4hne zu erhalten, oder gar zu ersetzen.<\/p>\n<p>Unsere Arbeit basiert dabei auf aktuelle Erkenntnisse und Methoden, sowie Technik und Materialien auf dem letzten Stand der Wissenschaft. Ebenso wie auf Ihren W\u00fcnschen und individuellen Bed\u00fcrfnissen.<\/p>\n\t\t\t\t<img loading=\"lazy\" decoding=\"async\" src=\"https:\/\/zmk-kessler.de\/wp-content\/uploads\/2024\/12\/IMG_9086-1024x1024.jpg\" alt=\"IMG_9086\" itemprop=\"image\" height=\"1024\" width=\"1024\" title=\"IMG_9086\" onerror=\"this.style.display='none'\"  \/>\n\t<p>DIAGNOSTIK<\/p>\n<p>Im Entstehungsprozess&#8230;<\/p>\n\t<hr \/>\n<h4>\n\t\tKieferorthop\u00e4die\n\t<\/h4>\n\t\t\t\t<img loading=\"lazy\" decoding=\"async\" src=\"https:\/\/zmk-kessler.de\/wp-content\/uploads\/2024\/12\/Zahnspangen-Lose-1024x1024.jpg\" alt=\"Zahnspangen-Lose\" itemprop=\"image\" height=\"1024\" width=\"1024\" title=\"Zahnspangen-Lose\" onerror=\"this.style.display='none'\"  \/>\n\t<p>LOHSE ZAHNSPANGEN<\/p>\n<p>Insbesondere bei Kindern kann das Wachstum im Rahmen einer kieferorthop\u00e4dischen Behandlung genutzt werden, um die gesunde Wachstumsrichtung von Z\u00e4hne und Kiefer positiv zu beeinflussen. Dabei beginnen wir mit einer losen (herausnehmbaren) Zahnspange, mit der das Wachstum von Z\u00e4hnen und Kiefer sanft korrigiert wird.<\/p>\n\t\t\t\t<img loading=\"lazy\" decoding=\"async\" src=\"https:\/\/zmk-kessler.de\/wp-content\/uploads\/2024\/12\/Zahnspangen-Arten-1024x683.jpg\" alt=\"Zahnspangen-Arten\" itemprop=\"image\" height=\"683\" width=\"1024\" title=\"Zahnspangen-Arten\" onerror=\"this.style.display='none'\"  \/>\n\t<p>FESTE ZAHNSPANGEN (MULTIBANDAPPERATUR)<\/p>\n<p>Sobald die bleibenden Z\u00e4hne im Seitenzahnbereich durchgebrochen sind, k\u00f6nnen feste Zahnspangen, sogenannte Brackets, zum Einsatz kommen. Diese nicht herausnehmbare Form der Zahnspange bewegt die Z\u00e4hne, durch Anpassung von Dr\u00e4hten und Gummis im Verlauf der Behandlung, in ihre korrekte Position<\/p>\n\n","protected":false},"excerpt":{"rendered":"<p>Expertise Die erfolgreich angewandte Methode der &#8222;Gentle Dentistry&#8220; (sanfte Zahnbehandlung) wird von unserem Team konsequent umgesetzt. Moderne Techniken erlauben eine komplikationslose Behandlung und eine brillante Prothetik. SWIFT-Sandstrahltechnik Zahnreinigung mit Airflow Lasertechnik Amalgam-Alternativen Gold-Inlays Eigenes Zahntechniklabor Zahnmedizin Zahnmedizin PROPHLAXE Damit Sie auch morgen noch&#8230; Erinnern Sie sich? Die Grundlage f\u00fcr gesunde Z\u00e4hne und einen kraftvollen Biss &#8230; <a title=\"Leistungen\" class=\"read-more\" href=\"https:\/\/zmk-kessler.de\/?page_id=24\" aria-label=\"Mehr Informationen \u00fcber Leistungen\">Weiterlesen<\/a><\/p>\n","protected":false},"author":1,"featured_media":0,"parent":0,"menu_order":0,"comment_status":"closed","ping_status":"closed","template":"","meta":{"footnotes":""},"class_list":["post-24","page","type-page","status-publish"],"_links":{"self":[{"href":"https:\/\/zmk-kessler.de\/index.php?rest_route=\/wp\/v2\/pages\/24","targetHints":{"allow":["GET"]}}],"collection":[{"href":"https:\/\/zmk-kessler.de\/index.php?rest_route=\/wp\/v2\/pages"}],"about":[{"href":"https:\/\/zmk-kessler.de\/index.php?rest_route=\/wp\/v2\/types\/page"}],"author":[{"embeddable":true,"href":"https:\/\/zmk-kessler.de\/index.php?rest_route=\/wp\/v2\/users\/1"}],"replies":[{"embeddable":true,"href":"https:\/\/zmk-kessler.de\/index.php?rest_route=%2Fwp%2Fv2%2Fcomments&post=24"}],"version-history":[{"count":8,"href":"https:\/\/zmk-kessler.de\/index.php?rest_route=\/wp\/v2\/pages\/24\/revisions"}],"predecessor-version":[{"id":202,"href":"https:\/\/zmk-kessler.de\/index.php?rest_route=\/wp\/v2\/pages\/24\/revisions\/202"}],"wp:attachment":[{"href":"https:\/\/zmk-kessler.de\/index.php?rest_route=%2Fwp%2Fv2%2Fmedia&parent=24"}],"curies":[{"name":"wp","href":"https:\/\/api.w.org\/{rel}","templated":true}]}}